{"id":3,"date":"2020-10-20T19:50:06","date_gmt":"2020-10-20T19:50:06","guid":{"rendered":"https:\/\/momentswatersports.com\/?page_id=3"},"modified":"2021-03-29T18:45:26","modified_gmt":"2021-03-29T17:45:26","slug":"terms-and-conditions","status":"publish","type":"page","link":"https:\/\/momentswatersports.com\/es\/condiciones-generales\/","title":{"rendered":"Condiciones generales"},"content":{"rendered":"<div data-elementor-type=\"wp-page\" data-elementor-id=\"3\" class=\"elementor elementor-3\" data-elementor-post-type=\"page\">\n\t\t\t\t\t\t<section class=\"has_eae_slider elementor-section elementor-top-section elementor-element elementor-element-d81d007 elementor-section-full_width elementor-section-height-default elementor-section-height-default\" data-eae-slider=\"82576\" data-id=\"d81d007\" data-element_type=\"section\" data-e-type=\"section\">\n\t\t\t\t\t\t<div class=\"elementor-container elementor-column-gap-default\">\n\t\t\t\t\t<div class=\"has_eae_slider elementor-column elementor-col-100 elementor-top-column elementor-element elementor-element-0f10fb5\" data-eae-slider=\"40777\" data-id=\"0f10fb5\" data-element_type=\"column\" data-e-type=\"column\">\n\t\t\t<div class=\"elementor-widget-wrap\">\n\t\t\t\t\t\t\t<\/div>\n\t\t<\/div>\n\t\t\t\t\t<\/div>\n\t\t<\/section>\n\t\t\t\t<section class=\"has_eae_slider elementor-section elementor-top-section elementor-element elementor-element-45108de0 elementor-section-height-min-height elementor-section-boxed elementor-section-height-default elementor-section-items-middle\" data-eae-slider=\"13096\" data-id=\"45108de0\" data-element_type=\"section\" data-e-type=\"section\" data-settings=\"{&quot;background_background&quot;:&quot;classic&quot;}\">\n\t\t\t\t\t\t\t<div class=\"elementor-background-overlay\"><\/div>\n\t\t\t\t\t\t\t<div class=\"elementor-container elementor-column-gap-default\">\n\t\t\t\t\t<div class=\"has_eae_slider elementor-column elementor-col-100 elementor-top-column elementor-element elementor-element-57945a60\" data-eae-slider=\"71216\" data-id=\"57945a60\" data-element_type=\"column\" data-e-type=\"column\">\n\t\t\t<div class=\"elementor-widget-wrap elementor-element-populated\">\n\t\t\t\t\t\t<div class=\"elementor-element elementor-element-603c01ef elementor-widget elementor-widget-heading\" data-id=\"603c01ef\" data-element_type=\"widget\" data-e-type=\"widget\" data-widget_type=\"heading.default\">\n\t\t\t\t<div class=\"elementor-widget-container\">\n\t\t\t\t\t<h1 class=\"elementor-heading-title elementor-size-large\">Condiciones generales<\/h1>\t\t\t\t<\/div>\n\t\t\t\t<\/div>\n\t\t\t\t<div class=\"elementor-element elementor-element-71b73548 elementor-widget-divider--view-line elementor-widget elementor-widget-divider\" data-id=\"71b73548\" data-element_type=\"widget\" data-e-type=\"widget\" data-widget_type=\"divider.default\">\n\t\t\t\t<div class=\"elementor-widget-container\">\n\t\t\t\t\t\t\t<div class=\"elementor-divider\">\n\t\t\t<span class=\"elementor-divider-separator\">\n\t\t\t\t\t\t<\/span>\n\t\t<\/div>\n\t\t\t\t\t\t<\/div>\n\t\t\t\t<\/div>\n\t\t\t\t\t<\/div>\n\t\t<\/div>\n\t\t\t\t\t<\/div>\n\t\t<\/section>\n\t\t\t\t<section class=\"has_eae_slider elementor-section elementor-top-section elementor-element elementor-element-628554c5 elementor-section-boxed elementor-section-height-default elementor-section-height-default\" data-eae-slider=\"35688\" data-id=\"628554c5\" data-element_type=\"section\" data-e-type=\"section\">\n\t\t\t\t\t\t<div class=\"elementor-container elementor-column-gap-default\">\n\t\t\t\t\t<div class=\"has_eae_slider elementor-column elementor-col-100 elementor-top-column elementor-element elementor-element-59c59375\" data-eae-slider=\"46376\" data-id=\"59c59375\" data-element_type=\"column\" data-e-type=\"column\">\n\t\t\t<div class=\"elementor-widget-wrap elementor-element-populated\">\n\t\t\t\t\t\t<div class=\"elementor-element elementor-element-2b5be621 elementor-widget elementor-widget-text-editor\" data-id=\"2b5be621\" data-element_type=\"widget\" data-e-type=\"widget\" data-widget_type=\"text-editor.default\">\n\t\t\t\t<div class=\"elementor-widget-container\">\n\t\t\t\t\t\t\t\t\t<p><strong>Condiciones generales<\/strong><\/p>\n<p>El check-in debe hacerse hasta 15 minutos antes de la actividad, en el mostrador de atenci\u00f3n de Moments Watersports en la playa de Arma\u00e7\u00e3o de P\u00eara.<\/p>\n<p>IVA incluido al tipo legal vigente.<\/p>\n<p>Moments Watersports se reserva el derecho a modificar los PVP.<\/p>\n<p>Moments Watersports no se hace responsable de la p\u00e9rdida de objetos personales durante las actividades.<\/p>\n<p>Se denegar\u00e1 la facturaci\u00f3n\/el embarque a los clientes que vengan bajo los efectos del alcohol o de estupefacientes.<\/p>\n<p>Con la compra de la entrada, Moments Watersports queda autorizada a capturar y difundir las fotograf\u00edas obtenidas en el \u00e1mbito del evento al que se refiere la entrada.<\/p>\n<p>Si no autoriza la recogida y utilizaci\u00f3n de fotograf\u00edas y v\u00eddeos con su imagen, deber\u00e1, a tal efecto, realizar esta declaraci\u00f3n expresa en el mostrador de facturaci\u00f3n.<\/p>\n<p>Todos nuestros equipos cumplen las normas de seguridad europeas.<\/p>\n<p>Nuestra empresa cuenta con todos los seguros obligatorios, tiene licencia de Turismo de Portugal (RNAAT n\u00ba 349\/2015).<\/p>\n<p>Los datos personales recogidos por Moments watersports durante el proceso de reserva est\u00e1n destinados \u00fanica y exclusivamente para su procesamiento y para el check-in del cliente. Los datos del cliente no se utilizar\u00e1n para ning\u00fan otro fin, a menos que el cliente autorice el uso de los datos para fines de Email Marketing.<\/p>\n<p>\u00a0<\/p>\n<p><strong>Pol\u00edticas de cancelaci\u00f3n<\/strong><\/p>\n<p>Los clientes recibir\u00e1n un reembolso completo o un cr\u00e9dito con 24 horas de antelaci\u00f3n a la cancelaci\u00f3n.<\/p>\n<p>Los clientes tambi\u00e9n recibir\u00e1n un reembolso completo o un cr\u00e9dito en caso de cancelaci\u00f3n por parte del operador debido a las condiciones meteorol\u00f3gicas u otras circunstancias imprevistas.<\/p>\n<p>P\u00f3ngase en contacto con nosotros por tel\u00e9fono para cancelar o informarse sobre una cancelaci\u00f3n.<\/p>\n<p>Si no se presenta, se le cobrar\u00e1 el precio completo.<\/p>\n<p>\u00a0<\/p>\n<p>\u00a0<\/p>\n<p><strong>Pol\u00edtica de privacidad y Condiciones generales de uso<\/strong><\/p>\n<p>El sitio Moments Watersports es propiedad de Rui Miguel Sequeira Martins., con sede en Urbaniza\u00e7\u00e3o Quinta da Torre Lote 20 R\/C Esq C Arma\u00e7\u00e3o de P\u00eara, y es la entidad responsable del tratamiento de los datos personales que son proporcionados directamente por el usuario o recogidos durante el acceso del usuario y la navegaci\u00f3n en este sitio.<\/p>\n<p>Esta Pol\u00edtica de Privacidad pretende aclarar a los usuarios sobre los datos recogidos y el motivo de esta pr\u00e1ctica, as\u00ed como las medidas que los usuarios pueden adoptar para rectificar o eliminar la informaci\u00f3n sobre los datos recogidos.<\/p>\n<p>\u00a0<\/p>\n<p><strong>USO DE DATOS PERSONALES<\/strong><\/p>\n<p>El sitio web de Moments Watersports recoge datos de los usuarios que navegan por el sitio o env\u00edan mensajes a trav\u00e9s del formulario de contacto del sitio.<\/p>\n<p>El sitio web de Moments Watersports tambi\u00e9n recopila informaci\u00f3n mediante el uso de Cookies.<\/p>\n<p>La web Moments Watersports garantiza que sus datos personales no ser\u00e1n reutilizados para fines distintos de aquellos para los que fueron recogidos.<\/p>\n<p>Los datos personales recogidos s\u00f3lo se conservar\u00e1n durante el per\u00edodo necesario para cumplir la finalidad a la que est\u00e1n destinados, tras lo cual se suprimir\u00e1n definitivamente.<\/p>\n<p>Al aceptar los T\u00e9rminos y Condiciones y la Pol\u00edtica de Privacidad, usted consiente la recopilaci\u00f3n de estos datos.<\/p>\n<p>\u00a0<\/p>\n<p><strong>DATOS PERSONALES RECOGIDOS<\/strong><\/p>\n<p>El sitio Moments Watersports recoge informaci\u00f3n t\u00e9cnica del dispositivo del usuario cada vez que visita el sitio. La informaci\u00f3n se obtiene a trav\u00e9s del navegador de Internet y se refiere a la direcci\u00f3n IP, sistema operativo y motor de b\u00fasqueda utilizado, resoluci\u00f3n de pantalla y sitios de referencia.<\/p>\n<p>Los datos personales del usuario tambi\u00e9n pueden recogerse a trav\u00e9s del formulario de contacto del sitio web.<\/p>\n<p>Moments Watersports no vende, alquila ni comparte sus datos personales con terceros.<\/p>\n<p>Los servicios del sitio no est\u00e1n dirigidos a menores, y los datos personales de los menores no se tratan intencionadamente.<\/p>\n<p>\u00a0<\/p>\n<p><strong>COOKIES<\/strong><\/p>\n<p>Moments Watersports recoge autom\u00e1ticamente informaci\u00f3n del ordenador de aquellos que visitan el sitio mediante el uso de Cookies.<\/p>\n<ul>\n<li>Las cookies son peque\u00f1as piezas de informaci\u00f3n que pueden ayudar a identificar su navegador y que pueden almacenar informaci\u00f3n, por ejemplo, la configuraci\u00f3n y las preferencias del usuario.<\/li>\n<\/ul>\n<p>Moments Watersports e podr\u00e1 almacenar Cookies en su dispositivo para personalizar y facilitar la navegaci\u00f3n, as\u00ed como con fines estad\u00edsticos, no proporcionando las mismas Cookies, referencias ni datos personales del Usuario.<\/p>\n<p>El sitio web de Moments Watersports utiliza\u00a0<u>tres tipos de cookies<\/u>:<\/p>\n<ul>\n<li><em>Galletas sencillas:<\/em>\u00a0Estas cookies son necesarias para que el sitio funcione eficazmente, registran la trayectoria del usuario durante su visita sin identificarlo y se eliminan autom\u00e1ticamente al abandonar el sitio.<\/li>\n<li><em>Cookies persistentes:<\/em>\u00a0Estas cookies no son esenciales para el funcionamiento del sitio, pero permiten identificar a los usuarios cuando acceden a las p\u00e1ginas, optimizando su experiencia de navegaci\u00f3n. Las cookies persistentes permanecen en el ordenador hasta que son eliminadas por el usuario.<\/li>\n<li><em>Cookies anal\u00edticas:<\/em>\u00a0Estas cookies se utilizan para analizar el uso que hacen los usuarios del sitio y controlar su rendimiento. Estas cookies se utilizan \u00fanicamente con fines de creaci\u00f3n y an\u00e1lisis estad\u00edstico, sin recoger nunca informaci\u00f3n personal.<\/li>\n<\/ul>\n<p>El navegador de su dispositivo le permite restringir el uso de Cookies simples, Cookies persistentes o cualquier otro tipo de Cookie. Si decide no permitir las Cookies simples, es posible que no pueda utilizar nuestro sitio o determinadas funciones.<\/p>\n<p>Adem\u00e1s de las cookies, tambi\u00e9n podemos utilizar etiquetas de p\u00edxel que nos permiten seguir los pasos de los usuarios de nuestro sitio. Estos marcadores no recogen informaci\u00f3n personal y se utilizan para recopilar datos con fines estad\u00edsticos.<\/p>\n<p>\u00a0<\/p>\n<p><strong>USO DE LOS DATOS RECOGIDOS:<\/strong><\/p>\n<ul>\n<li>Optimizar la visita del usuario;<\/li>\n<li>Responder a las solicitudes de los usuarios, en particular los mensajes enviados a trav\u00e9s del formulario de contacto o la suscripci\u00f3n a boletines informativos;<\/li>\n<li>Fines estad\u00edsticos de los datos de navegaci\u00f3n;<\/li>\n<li>Mejorar la experiencia de navegaci\u00f3n del usuario a trav\u00e9s de la informaci\u00f3n recogida mediante Cookies y otras tecnolog\u00edas como pixel tags.<\/li>\n<\/ul>\n<p>\u00a0<\/p>\n<p><strong>DERECHOS DEL USUARIO<\/strong><\/p>\n<p>El usuario tiene derecho a acceder, actualizar, rectificar, eliminar, limitar y oponerse al tratamiento de sus datos, as\u00ed como el derecho a solicitar su portabilidad, a trav\u00e9s de una solicitud escrita enviada al correo electr\u00f3nico: info@momentswatersports.com<\/p>\n<p>Tambi\u00e9n tiene derecho a presentar una reclamaci\u00f3n relativa al tratamiento de sus datos ante la CNPD - Comisi\u00f3n Nacional de Protecci\u00f3n de Datos.<\/p>\n<p>\u00a0<\/p>\n<p><strong>PERIODO DE CONSERVACI\u00d3N DE LOS DATOS<\/strong><\/p>\n<p>Sus datos personales s\u00f3lo se conservar\u00e1n durante el tiempo necesario para los fines a los que est\u00e1n destinados, tal como se establece en la presente Pol\u00edtica de Privacidad.<\/p>\n<p>Todos los datos que se nos faciliten o que recojamos en virtud de la presente Pol\u00edtica de Privacidad se eliminar\u00e1n transcurrido un a\u00f1o desde su recogida.<\/p>\n<p>\u00a0<\/p>\n<p><strong>DATOS PERSONALES COMUNICADOS A TERCEROS<\/strong><\/p>\n<p>Moments Watersports podr\u00e1 utilizar otras entidades para la prestaci\u00f3n de determinados servicios, en cuanto a mantenimiento, soporte t\u00e9cnico, comercializaci\u00f3n, las cuales podr\u00e1n tener acceso a algunos de los datos personales necesarios para la prestaci\u00f3n del servicio contratado.<\/p>\n<p>Moments Watersports tambi\u00e9n podr\u00e1 transmitir datos a terceros en el marco de investigaciones, pesquisas y procedimientos judiciales y\/o administrativos o de naturaleza an\u00e1loga, siempre que sea debidamente ordenado por resoluci\u00f3n judicial en consecuencia.<\/p>\n<p>\u00a0<\/p>\n<p><strong>CAMBIOS EN LA POL\u00cdTICA DE PRIVACIDAD<\/strong><\/p>\n<p>Moments Watersports se reserva el derecho a modificar su Pol\u00edtica de Privacidad en cualquier momento, por lo que le aconsejamos que la lea con regularidad.<\/p>\n<p>\u00a0<\/p>\n<p><strong>DATOS DE CONTACTO<\/strong><\/p>\n<p>Si tiene preguntas o dudas sobre esta Pol\u00edtica de Privacidad o sobre las pr\u00e1cticas de privacidad de Moments Watersports, p\u00f3ngase en contacto con nosotros, a trav\u00e9s del siguiente correo electr\u00f3nico: info@momentswatersports.com<\/p>\n<p>\u00a0<\/p>\n<p>\u00a0<\/p>\n<p>\u00a0<\/p>\t\t\t\t\t\t\t\t<\/div>\n\t\t\t\t<\/div>\n\t\t\t\t\t<\/div>\n\t\t<\/div>\n\t\t\t\t\t<\/div>\n\t\t<\/section>\n\t\t\t\t<\/div>","protected":false},"excerpt":{"rendered":"<p>Terms &#038; Conditions General Terms and Conditions Check-in must be done up to 15 minutes before the activity, at the service desk of Moments Watersports in Arma\u00e7\u00e3o de P\u00eara Beach. VAT included at the current legal rate. Moments Watersports reserves the right to change the PVPs. Moments Watersports is not responsible for the loss of [&hellip;]<\/p>\n","protected":false},"author":1,"featured_media":0,"parent":0,"menu_order":0,"comment_status":"closed","ping_status":"closed","template":"elementor_header_footer","meta":{"nf_dc_page":"","om_disable_all_campaigns":false,"site-sidebar-layout":"default","site-content-layout":"default","ast-site-content-layout":"default","site-content-style":"default","site-sidebar-style":"default","ast-global-header-display":"","ast-banner-title-visibility":"","ast-main-header-display":"","ast-hfb-above-header-display":"","ast-hfb-below-header-display":"","ast-hfb-mobile-header-display":"","site-post-title":"","ast-breadcrumbs-content":"","ast-featured-img":"","footer-sml-layout":"","ast-disable-related-posts":"","theme-transparent-header-meta":"default","adv-header-id-meta":"","stick-header-meta":"","header-above-stick-meta":"","header-main-stick-meta":"","header-below-stick-meta":"","astra-migrate-meta-layouts":"default","ast-page-background-enabled":"default","ast-page-background-meta":{"desktop":{"background-color":"","background-image":"","background-repeat":"repeat","background-position":"center center","background-size":"auto","background-attachment":"scroll","background-type":"","background-media":"","overlay-type":"","overlay-color":"","overlay-opacity":"","overlay-gradient":""},"tablet":{"background-color":"","background-image":"","background-repeat":"repeat","background-position":"center center","background-size":"auto","background-attachment":"scroll","background-type":"","background-media":"","overlay-type":"","overlay-color":"","overlay-opacity":"","overlay-gradient":""},"mobile":{"background-color":"","background-image":"","background-repeat":"repeat","background-position":"center center","background-size":"auto","background-attachment":"scroll","background-type":"","background-media":"","overlay-type":"","overlay-color":"","overlay-opacity":"","overlay-gradient":""}},"ast-content-background-meta":{"desktop":{"background-color":"var(--ast-global-color-5)","background-image":"","background-repeat":"repeat","background-position":"center center","background-size":"auto","background-attachment":"scroll","background-type":"","background-media":"","overlay-type":"","overlay-color":"","overlay-opacity":"","overlay-gradient":""},"tablet":{"background-color":"var(--ast-global-color-5)","background-image":"","background-repeat":"repeat","background-position":"center center","background-size":"auto","background-attachment":"scroll","background-type":"","background-media":"","overlay-type":"","overlay-color":"","overlay-opacity":"","overlay-gradient":""},"mobile":{"background-color":"var(--ast-global-color-5)","background-image":"","background-repeat":"repeat","background-position":"center center","background-size":"auto","background-attachment":"scroll","background-type":"","background-media":"","overlay-type":"","overlay-color":"","overlay-opacity":"","overlay-gradient":""}},"footnotes":""},"class_list":["post-3","page","type-page","status-publish","hentry"],"aioseo_notices":[],"jetpack_sharing_enabled":true,"_links":{"self":[{"href":"https:\/\/momentswatersports.com\/es\/wp-json\/wp\/v2\/pages\/3","targetHints":{"allow":["GET"]}}],"collection":[{"href":"https:\/\/momentswatersports.com\/es\/wp-json\/wp\/v2\/pages"}],"about":[{"href":"https:\/\/momentswatersports.com\/es\/wp-json\/wp\/v2\/types\/page"}],"author":[{"embeddable":true,"href":"https:\/\/momentswatersports.com\/es\/wp-json\/wp\/v2\/users\/1"}],"replies":[{"embeddable":true,"href":"https:\/\/momentswatersports.com\/es\/wp-json\/wp\/v2\/comments?post=3"}],"version-history":[{"count":15,"href":"https:\/\/momentswatersports.com\/es\/wp-json\/wp\/v2\/pages\/3\/revisions"}],"predecessor-version":[{"id":5703,"href":"https:\/\/momentswatersports.com\/es\/wp-json\/wp\/v2\/pages\/3\/revisions\/5703"}],"wp:attachment":[{"href":"https:\/\/momentswatersports.com\/es\/wp-json\/wp\/v2\/media?parent=3"}],"curies":[{"name":"wp","href":"https:\/\/api.w.org\/{rel}","templated":true}]}}