{"id":3,"date":"2020-10-20T19:50:06","date_gmt":"2020-10-20T19:50:06","guid":{"rendered":"https:\/\/momentswatersports.com\/?page_id=3"},"modified":"2021-03-29T18:45:26","modified_gmt":"2021-03-29T17:45:26","slug":"terms-and-conditions","status":"publish","type":"page","link":"https:\/\/momentswatersports.com\/fr\/conditions-generales\/","title":{"rendered":"Conditions g\u00e9n\u00e9rales d'utilisation"},"content":{"rendered":"<div data-elementor-type=\"wp-page\" data-elementor-id=\"3\" class=\"elementor elementor-3\" data-elementor-post-type=\"page\">\n\t\t\t\t\t\t<section class=\"has_eae_slider elementor-section elementor-top-section elementor-element elementor-element-d81d007 elementor-section-full_width elementor-section-height-default elementor-section-height-default\" data-eae-slider=\"82576\" data-id=\"d81d007\" data-element_type=\"section\" data-e-type=\"section\">\n\t\t\t\t\t\t<div class=\"elementor-container elementor-column-gap-default\">\n\t\t\t\t\t<div class=\"has_eae_slider elementor-column elementor-col-100 elementor-top-column elementor-element elementor-element-0f10fb5\" data-eae-slider=\"40777\" data-id=\"0f10fb5\" data-element_type=\"column\" data-e-type=\"column\">\n\t\t\t<div class=\"elementor-widget-wrap\">\n\t\t\t\t\t\t\t<\/div>\n\t\t<\/div>\n\t\t\t\t\t<\/div>\n\t\t<\/section>\n\t\t\t\t<section class=\"has_eae_slider elementor-section elementor-top-section elementor-element elementor-element-45108de0 elementor-section-height-min-height elementor-section-boxed elementor-section-height-default elementor-section-items-middle\" data-eae-slider=\"13096\" data-id=\"45108de0\" data-element_type=\"section\" data-e-type=\"section\" data-settings=\"{&quot;background_background&quot;:&quot;classic&quot;}\">\n\t\t\t\t\t\t\t<div class=\"elementor-background-overlay\"><\/div>\n\t\t\t\t\t\t\t<div class=\"elementor-container elementor-column-gap-default\">\n\t\t\t\t\t<div class=\"has_eae_slider elementor-column elementor-col-100 elementor-top-column elementor-element elementor-element-57945a60\" data-eae-slider=\"71216\" data-id=\"57945a60\" data-element_type=\"column\" data-e-type=\"column\">\n\t\t\t<div class=\"elementor-widget-wrap elementor-element-populated\">\n\t\t\t\t\t\t<div class=\"elementor-element elementor-element-603c01ef elementor-widget elementor-widget-heading\" data-id=\"603c01ef\" data-element_type=\"widget\" data-e-type=\"widget\" data-widget_type=\"heading.default\">\n\t\t\t\t<div class=\"elementor-widget-container\">\n\t\t\t\t\t<h1 class=\"elementor-heading-title elementor-size-large\">Conditions g\u00e9n\u00e9rales d'utilisation<\/h1>\t\t\t\t<\/div>\n\t\t\t\t<\/div>\n\t\t\t\t<div class=\"elementor-element elementor-element-71b73548 elementor-widget-divider--view-line elementor-widget elementor-widget-divider\" data-id=\"71b73548\" data-element_type=\"widget\" data-e-type=\"widget\" data-widget_type=\"divider.default\">\n\t\t\t\t<div class=\"elementor-widget-container\">\n\t\t\t\t\t\t\t<div class=\"elementor-divider\">\n\t\t\t<span class=\"elementor-divider-separator\">\n\t\t\t\t\t\t<\/span>\n\t\t<\/div>\n\t\t\t\t\t\t<\/div>\n\t\t\t\t<\/div>\n\t\t\t\t\t<\/div>\n\t\t<\/div>\n\t\t\t\t\t<\/div>\n\t\t<\/section>\n\t\t\t\t<section class=\"has_eae_slider elementor-section elementor-top-section elementor-element elementor-element-628554c5 elementor-section-boxed elementor-section-height-default elementor-section-height-default\" data-eae-slider=\"35688\" data-id=\"628554c5\" data-element_type=\"section\" data-e-type=\"section\">\n\t\t\t\t\t\t<div class=\"elementor-container elementor-column-gap-default\">\n\t\t\t\t\t<div class=\"has_eae_slider elementor-column elementor-col-100 elementor-top-column elementor-element elementor-element-59c59375\" data-eae-slider=\"46376\" data-id=\"59c59375\" data-element_type=\"column\" data-e-type=\"column\">\n\t\t\t<div class=\"elementor-widget-wrap elementor-element-populated\">\n\t\t\t\t\t\t<div class=\"elementor-element elementor-element-2b5be621 elementor-widget elementor-widget-text-editor\" data-id=\"2b5be621\" data-element_type=\"widget\" data-e-type=\"widget\" data-widget_type=\"text-editor.default\">\n\t\t\t\t<div class=\"elementor-widget-container\">\n\t\t\t\t\t\t\t\t\t<p><strong>Conditions g\u00e9n\u00e9rales d'utilisation<\/strong><\/p>\n<p>L'enregistrement doit \u00eatre effectu\u00e9 jusqu'\u00e0 15 minutes avant l'activit\u00e9, au bureau de service de Moments Watersports \u00e0 Arma\u00e7\u00e3o de P\u00eara Beach.<\/p>\n<p>TVA incluse au taux l\u00e9gal en vigueur.<\/p>\n<p>Moments Watersports se r\u00e9serve le droit de modifier les PVP.<\/p>\n<p>Moments Watersports n'est pas responsable de la perte de biens personnels pendant les activit\u00e9s.<\/p>\n<p>L'enregistrement et l'embarquement seront refus\u00e9s aux clients qui se pr\u00e9sentent sous l'influence de l'alcool ou de stup\u00e9fiants.<\/p>\n<p>Avec l'achat du billet, Moments Watersports est autoris\u00e9 \u00e0 capturer et \u00e0 diffuser les photographies obtenues dans le cadre de l'\u00e9v\u00e9nement auquel le billet fait r\u00e9f\u00e9rence.<\/p>\n<p>Si vous n'autorisez pas la collecte et l'utilisation de photographies et de vid\u00e9os \u00e0 votre image, vous devez, \u00e0 cette fin, faire cette d\u00e9claration expresse au comptoir d'enregistrement.<\/p>\n<p>Tous nos \u00e9quipements sont conformes aux normes de s\u00e9curit\u00e9 europ\u00e9ennes.<\/p>\n<p>Notre entreprise dispose de toutes les assurances obligatoires, est agr\u00e9\u00e9e par Turismo de Portugal (RNAAT n\u00ba 349\/2015).<\/p>\n<p>Les donn\u00e9es personnelles collect\u00e9es par Moments watersports lors du processus de r\u00e9servation sont destin\u00e9es uniquement et exclusivement \u00e0 son traitement et \u00e0 l'enregistrement du client. Les donn\u00e9es du client ne seront pas utilis\u00e9es \u00e0 d'autres fins, \u00e0 moins que le client n'autorise l'utilisation des donn\u00e9es \u00e0 des fins de marketing par courrier \u00e9lectronique.<\/p>\n<p>\u00a0<\/p>\n<p><strong>Politique d'annulation<\/strong><\/p>\n<p>Les clients recevront un remboursement complet ou un cr\u00e9dit avec un pr\u00e9avis de 24 heures.<\/p>\n<p>Les clients recevront \u00e9galement un remboursement int\u00e9gral ou un cr\u00e9dit en cas d'annulation de l'op\u00e9rateur pour des raisons m\u00e9t\u00e9orologiques ou d'autres circonstances impr\u00e9vues.<\/p>\n<p>Contactez-nous par t\u00e9l\u00e9phone pour annuler ou vous renseigner sur une annulation.<\/p>\n<p>Les personnes qui ne se pr\u00e9sentent pas seront factur\u00e9es au prix fort.<\/p>\n<p>\u00a0<\/p>\n<p>\u00a0<\/p>\n<p><strong>Politique de confidentialit\u00e9 et conditions g\u00e9n\u00e9rales d'utilisation<\/strong><\/p>\n<p>Le site Moments Watersports est la propri\u00e9t\u00e9 de Rui Miguel Sequeira Martins, situ\u00e9 \u00e0 Urbaniza\u00e7\u00e3o Quinta da Torre Lote 20 R\/C Esq C Arma\u00e7\u00e3o de P\u00eara, et est l'entit\u00e9 responsable du traitement des donn\u00e9es personnelles qui sont fournies directement par l'utilisateur ou collect\u00e9es lors de l'acc\u00e8s et de la navigation de l'utilisateur sur ce site.<\/p>\n<p>La pr\u00e9sente politique de confidentialit\u00e9 vise \u00e0 informer les utilisateurs sur les donn\u00e9es collect\u00e9es et la raison de cette pratique, ainsi que sur les mesures que les utilisateurs peuvent adopter pour rectifier ou \u00e9liminer les informations sur les donn\u00e9es collect\u00e9es.<\/p>\n<p>\u00a0<\/p>\n<p><strong>UTILISATION DES DONN\u00c9ES PERSONNELLES<\/strong><\/p>\n<p>Le site Internet de Moments Watersports recueille des donn\u00e9es sur les utilisateurs qui naviguent sur le site ou qui envoient des messages par le biais du formulaire de contact du site.<\/p>\n<p>Le site Internet de Moments Watersports recueille \u00e9galement des informations par le biais de cookies.<\/p>\n<p>Le site Internet Moments Watersports garantit que vos donn\u00e9es personnelles ne seront pas r\u00e9utilis\u00e9es \u00e0 des fins autres que celles pour lesquelles elles ont \u00e9t\u00e9 collect\u00e9es.<\/p>\n<p>Les donn\u00e9es personnelles collect\u00e9es ne seront conserv\u00e9es que pendant la p\u00e9riode n\u00e9cessaire \u00e0 la r\u00e9alisation de la finalit\u00e9 poursuivie, apr\u00e8s quoi elles seront d\u00e9finitivement supprim\u00e9es.<\/p>\n<p>En acceptant les conditions g\u00e9n\u00e9rales et la politique de confidentialit\u00e9, vous consentez \u00e0 la collecte de ces donn\u00e9es.<\/p>\n<p>\u00a0<\/p>\n<p><strong>DONN\u00c9ES PERSONNELLES COLLECT\u00c9ES<\/strong><\/p>\n<p>Le site Moments Watersports recueille des informations techniques sur l'appareil de l'utilisateur lorsqu'il visite le site. Ces informations sont obtenues par le biais du navigateur Internet et concernent l'adresse IP, le syst\u00e8me d'exploitation et le moteur de recherche utilis\u00e9s, la r\u00e9solution de l'\u00e9cran et les sites de r\u00e9f\u00e9rence.<\/p>\n<p>Les donn\u00e9es personnelles des utilisateurs peuvent \u00e9galement \u00eatre collect\u00e9es par le biais du formulaire de contact du site web.<\/p>\n<p>Moments Watersports ne vend pas, ne loue pas et ne partage pas vos donn\u00e9es personnelles avec des tiers.<\/p>\n<p>Les services du site ne sont pas destin\u00e9s aux mineurs et les donn\u00e9es personnelles des mineurs ne sont pas trait\u00e9es intentionnellement.<\/p>\n<p>\u00a0<\/p>\n<p><strong>COOKIES<\/strong><\/p>\n<p>Moments Watersports recueille automatiquement des informations sur l'ordinateur des visiteurs du site gr\u00e2ce \u00e0 l'utilisation de cookies.<\/p>\n<ul>\n<li>Les cookies sont de petits \u00e9l\u00e9ments d'information qui permettent d'identifier votre navigateur et de stocker des informations, par exemple les param\u00e8tres et les pr\u00e9f\u00e9rences de l'utilisateur.<\/li>\n<\/ul>\n<p>Moments Watersports e peut stocker des cookies sur votre appareil pour personnaliser et faciliter la navigation ainsi qu'\u00e0 des fins statistiques, en ne fournissant pas ces m\u00eames cookies, des r\u00e9f\u00e9rences ou des donn\u00e9es personnelles de l'Utilisateur.<\/p>\n<p>Le site Internet de Moments Watersports utilise\u00a0<u>trois types de cookies<\/u>:<\/p>\n<ul>\n<li><em>Biscuits simples :<\/em>\u00a0Ces cookies sont n\u00e9cessaires au bon fonctionnement du site, ils enregistrent le parcours de l'utilisateur pendant sa visite sans l'identifier et sont automatiquement supprim\u00e9s lorsque vous quittez le site.<\/li>\n<li><em>Cookies persistants :<\/em>\u00a0Ces cookies ne sont pas essentiels au fonctionnement du site mais permettent d'identifier les utilisateurs lorsqu'ils acc\u00e8dent aux pages, optimisant ainsi leur exp\u00e9rience de navigation. Les cookies persistants restent sur l'ordinateur jusqu'\u00e0 ce qu'ils soient supprim\u00e9s par l'utilisateur.<\/li>\n<li><em>Cookies analytiques :<\/em>\u00a0Ces cookies sont utilis\u00e9s pour analyser la fa\u00e7on dont les utilisateurs utilisent le site et contr\u00f4ler ses performances. Ces cookies sont utilis\u00e9s uniquement \u00e0 des fins de cr\u00e9ation et d'analyse de statistiques, sans jamais collecter d'informations personnelles.<\/li>\n<\/ul>\n<p>Le navigateur de votre appareil vous permet de restreindre l'utilisation des cookies simples, des cookies persistants ou de tout autre type de cookie. Si vous choisissez de ne pas autoriser les cookies simples, il se peut que vous ne puissiez pas utiliser notre site ou certaines de ses fonctions.<\/p>\n<p>En plus des cookies, nous pouvons \u00e9galement utiliser des balises pixel qui nous permettent de suivre les pas des utilisateurs de notre site. Ces signets ne collectent pas d'informations personnelles et sont utilis\u00e9s pour collecter des donn\u00e9es \u00e0 des fins statistiques.<\/p>\n<p>\u00a0<\/p>\n<p><strong>L'UTILISATION DES DONN\u00c9ES COLLECT\u00c9ES :<\/strong><\/p>\n<ul>\n<li>Optimiser la visite de l'utilisateur ;<\/li>\n<li>r\u00e9pondre aux demandes des utilisateurs, \u00e0 savoir les messages envoy\u00e9s par le biais du formulaire de contact ou l'abonnement aux bulletins d'information ;<\/li>\n<li>Utilisation des donn\u00e9es de navigation \u00e0 des fins statistiques ;<\/li>\n<li>Am\u00e9liorer l'exp\u00e9rience de navigation de l'utilisateur gr\u00e2ce aux informations collect\u00e9es par le biais de cookies et d'autres technologies telles que les balises pixel.<\/li>\n<\/ul>\n<p>\u00a0<\/p>\n<p><strong>DROITS DE L'UTILISATEUR<\/strong><\/p>\n<p>L'utilisateur dispose d'un droit d'acc\u00e8s, de mise \u00e0 jour, de rectification, d'\u00e9limination, de limitation et d'opposition au traitement de ses donn\u00e9es, ainsi que du droit de demander leur portabilit\u00e9, par le biais d'une demande \u00e9crite envoy\u00e9e \u00e0 l'adresse \u00e9lectronique : info@momentswatersports.com.<\/p>\n<p>Vous avez \u00e9galement le droit de d\u00e9poser une plainte concernant le traitement de vos donn\u00e9es aupr\u00e8s de la CNPD - Commission nationale pour la protection des donn\u00e9es.<\/p>\n<p>\u00a0<\/p>\n<p><strong>P\u00c9RIODE DE CONSERVATION DES DONN\u00c9ES<\/strong><\/p>\n<p>Vos donn\u00e9es \u00e0 caract\u00e8re personnel ne seront conserv\u00e9es que pendant la dur\u00e9e n\u00e9cessaire aux fins auxquelles elles sont destin\u00e9es, comme indiqu\u00e9 dans la pr\u00e9sente politique de protection de la vie priv\u00e9e.<\/p>\n<p>Toutes les donn\u00e9es qui nous sont fournies ou que nous recueillons conform\u00e9ment \u00e0 la pr\u00e9sente politique de confidentialit\u00e9 seront supprim\u00e9es un an apr\u00e8s leur collecte.<\/p>\n<p>\u00a0<\/p>\n<p><strong>LES DONN\u00c9ES \u00c0 CARACT\u00c8RE PERSONNEL COMMUNIQU\u00c9ES \u00c0 DES TIERS<\/strong><\/p>\n<p>Moments Watersports peut faire appel \u00e0 d'autres entit\u00e9s pour la fourniture de certains services, en termes de maintenance, de support technique, de marketing, qui peuvent avoir acc\u00e8s \u00e0 certaines des donn\u00e9es personnelles n\u00e9cessaires pour fournir le service contract\u00e9.<\/p>\n<p>Moments Watersports peut \u00e9galement transmettre des donn\u00e9es \u00e0 des tiers dans le cadre d'enqu\u00eates, d'investigations et de proc\u00e9dures judiciaires et\/ou administratives ou de nature similaire, pour autant que cela soit d\u00fbment ordonn\u00e9 par d\u00e9cision judiciaire en cons\u00e9quence.<\/p>\n<p>\u00a0<\/p>\n<p><strong>MODIFICATIONS DE LA POLITIQUE DE PROTECTION DE LA VIE PRIVEE<\/strong><\/p>\n<p>Moments Watersports se r\u00e9serve le droit de modifier sa politique de confidentialit\u00e9 \u00e0 tout moment, c'est pourquoi nous vous conseillons de la lire r\u00e9guli\u00e8rement.<\/p>\n<p>\u00a0<\/p>\n<p><strong>COORDONN\u00c9ES<\/strong><\/p>\n<p>Si vous avez des questions ou des pr\u00e9occupations concernant cette politique de confidentialit\u00e9 ou les pratiques de Moments Watersports en mati\u00e8re de confidentialit\u00e9, veuillez nous contacter \u00e0 l'adresse suivante : info@momentswatersports.com<\/p>\n<p>\u00a0<\/p>\n<p>\u00a0<\/p>\n<p>\u00a0<\/p>\t\t\t\t\t\t\t\t<\/div>\n\t\t\t\t<\/div>\n\t\t\t\t\t<\/div>\n\t\t<\/div>\n\t\t\t\t\t<\/div>\n\t\t<\/section>\n\t\t\t\t<\/div>","protected":false},"excerpt":{"rendered":"<p>Terms &#038; Conditions General Terms and Conditions Check-in must be done up to 15 minutes before the activity, at the service desk of Moments Watersports in Arma\u00e7\u00e3o de P\u00eara Beach. VAT included at the current legal rate. Moments Watersports reserves the right to change the PVPs. Moments Watersports is not responsible for the loss of [&hellip;]<\/p>\n","protected":false},"author":1,"featured_media":0,"parent":0,"menu_order":0,"comment_status":"closed","ping_status":"closed","template":"elementor_header_footer","meta":{"nf_dc_page":"","om_disable_all_campaigns":false,"site-sidebar-layout":"default","site-content-layout":"default","ast-site-content-layout":"default","site-content-style":"default","site-sidebar-style":"default","ast-global-header-display":"","ast-banner-title-visibility":"","ast-main-header-display":"","ast-hfb-above-header-display":"","ast-hfb-below-header-display":"","ast-hfb-mobile-header-display":"","site-post-title":"","ast-breadcrumbs-content":"","ast-featured-img":"","footer-sml-layout":"","ast-disable-related-posts":"","theme-transparent-header-meta":"default","adv-header-id-meta":"","stick-header-meta":"","header-above-stick-meta":"","header-main-stick-meta":"","header-below-stick-meta":"","astra-migrate-meta-layouts":"default","ast-page-background-enabled":"default","ast-page-background-meta":{"desktop":{"background-color":"","background-image":"","background-repeat":"repeat","background-position":"center center","background-size":"auto","background-attachment":"scroll","background-type":"","background-media":"","overlay-type":"","overlay-color":"","overlay-opacity":"","overlay-gradient":""},"tablet":{"background-color":"","background-image":"","background-repeat":"repeat","background-position":"center center","background-size":"auto","background-attachment":"scroll","background-type":"","background-media":"","overlay-type":"","overlay-color":"","overlay-opacity":"","overlay-gradient":""},"mobile":{"background-color":"","background-image":"","background-repeat":"repeat","background-position":"center center","background-size":"auto","background-attachment":"scroll","background-type":"","background-media":"","overlay-type":"","overlay-color":"","overlay-opacity":"","overlay-gradient":""}},"ast-content-background-meta":{"desktop":{"background-color":"var(--ast-global-color-5)","background-image":"","background-repeat":"repeat","background-position":"center center","background-size":"auto","background-attachment":"scroll","background-type":"","background-media":"","overlay-type":"","overlay-color":"","overlay-opacity":"","overlay-gradient":""},"tablet":{"background-color":"var(--ast-global-color-5)","background-image":"","background-repeat":"repeat","background-position":"center center","background-size":"auto","background-attachment":"scroll","background-type":"","background-media":"","overlay-type":"","overlay-color":"","overlay-opacity":"","overlay-gradient":""},"mobile":{"background-color":"var(--ast-global-color-5)","background-image":"","background-repeat":"repeat","background-position":"center center","background-size":"auto","background-attachment":"scroll","background-type":"","background-media":"","overlay-type":"","overlay-color":"","overlay-opacity":"","overlay-gradient":""}},"footnotes":""},"class_list":["post-3","page","type-page","status-publish","hentry"],"aioseo_notices":[],"jetpack_sharing_enabled":true,"_links":{"self":[{"href":"https:\/\/momentswatersports.com\/fr\/wp-json\/wp\/v2\/pages\/3","targetHints":{"allow":["GET"]}}],"collection":[{"href":"https:\/\/momentswatersports.com\/fr\/wp-json\/wp\/v2\/pages"}],"about":[{"href":"https:\/\/momentswatersports.com\/fr\/wp-json\/wp\/v2\/types\/page"}],"author":[{"embeddable":true,"href":"https:\/\/momentswatersports.com\/fr\/wp-json\/wp\/v2\/users\/1"}],"replies":[{"embeddable":true,"href":"https:\/\/momentswatersports.com\/fr\/wp-json\/wp\/v2\/comments?post=3"}],"version-history":[{"count":15,"href":"https:\/\/momentswatersports.com\/fr\/wp-json\/wp\/v2\/pages\/3\/revisions"}],"predecessor-version":[{"id":5703,"href":"https:\/\/momentswatersports.com\/fr\/wp-json\/wp\/v2\/pages\/3\/revisions\/5703"}],"wp:attachment":[{"href":"https:\/\/momentswatersports.com\/fr\/wp-json\/wp\/v2\/media?parent=3"}],"curies":[{"name":"wp","href":"https:\/\/api.w.org\/{rel}","templated":true}]}}