{"id":3,"date":"2020-10-20T19:50:06","date_gmt":"2020-10-20T19:50:06","guid":{"rendered":"https:\/\/momentswatersports.com\/?page_id=3"},"modified":"2021-03-29T18:45:26","modified_gmt":"2021-03-29T17:45:26","slug":"terms-and-conditions","status":"publish","type":"page","link":"https:\/\/momentswatersports.com\/pt\/termos-e-condicoes\/","title":{"rendered":"Termos e condi\u00e7\u00f5es"},"content":{"rendered":"<div data-elementor-type=\"wp-page\" data-elementor-id=\"3\" class=\"elementor elementor-3\" data-elementor-post-type=\"page\">\n\t\t\t\t\t\t<section class=\"has_eae_slider elementor-section elementor-top-section elementor-element elementor-element-d81d007 elementor-section-full_width elementor-section-height-default elementor-section-height-default\" data-eae-slider=\"82576\" data-id=\"d81d007\" data-element_type=\"section\" data-e-type=\"section\">\n\t\t\t\t\t\t<div class=\"elementor-container elementor-column-gap-default\">\n\t\t\t\t\t<div class=\"has_eae_slider elementor-column elementor-col-100 elementor-top-column elementor-element elementor-element-0f10fb5\" data-eae-slider=\"40777\" data-id=\"0f10fb5\" data-element_type=\"column\" data-e-type=\"column\">\n\t\t\t<div class=\"elementor-widget-wrap\">\n\t\t\t\t\t\t\t<\/div>\n\t\t<\/div>\n\t\t\t\t\t<\/div>\n\t\t<\/section>\n\t\t\t\t<section class=\"has_eae_slider elementor-section elementor-top-section elementor-element elementor-element-45108de0 elementor-section-height-min-height elementor-section-boxed elementor-section-height-default elementor-section-items-middle\" data-eae-slider=\"13096\" data-id=\"45108de0\" data-element_type=\"section\" data-e-type=\"section\" data-settings=\"{&quot;background_background&quot;:&quot;classic&quot;}\">\n\t\t\t\t\t\t\t<div class=\"elementor-background-overlay\"><\/div>\n\t\t\t\t\t\t\t<div class=\"elementor-container elementor-column-gap-default\">\n\t\t\t\t\t<div class=\"has_eae_slider elementor-column elementor-col-100 elementor-top-column elementor-element elementor-element-57945a60\" data-eae-slider=\"71216\" data-id=\"57945a60\" data-element_type=\"column\" data-e-type=\"column\">\n\t\t\t<div class=\"elementor-widget-wrap elementor-element-populated\">\n\t\t\t\t\t\t<div class=\"elementor-element elementor-element-603c01ef elementor-widget elementor-widget-heading\" data-id=\"603c01ef\" data-element_type=\"widget\" data-e-type=\"widget\" data-widget_type=\"heading.default\">\n\t\t\t\t<div class=\"elementor-widget-container\">\n\t\t\t\t\t<h1 class=\"elementor-heading-title elementor-size-large\">Termos e condi\u00e7\u00f5es<\/h1>\t\t\t\t<\/div>\n\t\t\t\t<\/div>\n\t\t\t\t<div class=\"elementor-element elementor-element-71b73548 elementor-widget-divider--view-line elementor-widget elementor-widget-divider\" data-id=\"71b73548\" data-element_type=\"widget\" data-e-type=\"widget\" data-widget_type=\"divider.default\">\n\t\t\t\t<div class=\"elementor-widget-container\">\n\t\t\t\t\t\t\t<div class=\"elementor-divider\">\n\t\t\t<span class=\"elementor-divider-separator\">\n\t\t\t\t\t\t<\/span>\n\t\t<\/div>\n\t\t\t\t\t\t<\/div>\n\t\t\t\t<\/div>\n\t\t\t\t\t<\/div>\n\t\t<\/div>\n\t\t\t\t\t<\/div>\n\t\t<\/section>\n\t\t\t\t<section class=\"has_eae_slider elementor-section elementor-top-section elementor-element elementor-element-628554c5 elementor-section-boxed elementor-section-height-default elementor-section-height-default\" data-eae-slider=\"35688\" data-id=\"628554c5\" data-element_type=\"section\" data-e-type=\"section\">\n\t\t\t\t\t\t<div class=\"elementor-container elementor-column-gap-default\">\n\t\t\t\t\t<div class=\"has_eae_slider elementor-column elementor-col-100 elementor-top-column elementor-element elementor-element-59c59375\" data-eae-slider=\"46376\" data-id=\"59c59375\" data-element_type=\"column\" data-e-type=\"column\">\n\t\t\t<div class=\"elementor-widget-wrap elementor-element-populated\">\n\t\t\t\t\t\t<div class=\"elementor-element elementor-element-2b5be621 elementor-widget elementor-widget-text-editor\" data-id=\"2b5be621\" data-element_type=\"widget\" data-e-type=\"widget\" data-widget_type=\"text-editor.default\">\n\t\t\t\t<div class=\"elementor-widget-container\">\n\t\t\t\t\t\t\t\t\t<p><strong>Termos e condi\u00e7\u00f5es gerais<\/strong><\/p>\n<p>O check-in deve ser efectuado at\u00e9 15 minutos antes da atividade, no balc\u00e3o de atendimento da Moments Watersports na Praia de Arma\u00e7\u00e3o de Pera.<\/p>\n<p>IVA inclu\u00eddo \u00e0 taxa legal em vigor.<\/p>\n<p>Moments Watersports reserva-se o direito de alterar os PVP.<\/p>\n<p>A Moments Watersports n\u00e3o se responsabiliza pela perda de bens pessoais durante as actividades.<\/p>\n<p>O check-in\/embarque ser\u00e1 recusado aos clientes que se apresentem sob o efeito de \u00e1lcool ou de estupefacientes.<\/p>\n<p>Com a compra do bilhete, a Moments Watersports fica autorizada a captar e divulgar as fotografias obtidas no \u00e2mbito do evento a que o bilhete se refere.<\/p>\n<p>Se n\u00e3o autorizar a recolha e utiliza\u00e7\u00e3o de fotografias e v\u00eddeos com a sua imagem, deve, para o efeito, fazer esta declara\u00e7\u00e3o expressa no balc\u00e3o de check-in.<\/p>\n<p>Todos os nossos equipamentos cumprem as normas europeias de seguran\u00e7a.<\/p>\n<p>A nossa empresa tem todos os seguros obrigat\u00f3rios, est\u00e1 licenciada pelo Turismo de Portugal (RNAAT n\u00ba 349\/2015).<\/p>\n<p>Os dados pessoais recolhidos pela Moments watersports durante o processo de reserva destinam-se \u00fanica e exclusivamente ao seu processamento e ao check-in do cliente. Os dados do cliente n\u00e3o ser\u00e3o utilizados para qualquer outra finalidade, exceto se o cliente autorizar a utiliza\u00e7\u00e3o dos dados para efeitos de Email Marketing.<\/p>\n<p>\u00a0<\/p>\n<p><strong>Pol\u00edticas de cancelamento<\/strong><\/p>\n<p>Os clientes receber\u00e3o um reembolso total ou cr\u00e9dito com um aviso de cancelamento com 24 horas de anteced\u00eancia.<\/p>\n<p>Os clientes receber\u00e3o tamb\u00e9m um reembolso total ou um cr\u00e9dito em caso de cancelamento do operador devido \u00e0s condi\u00e7\u00f5es climat\u00e9ricas ou a outras circunst\u00e2ncias imprevistas.<\/p>\n<p>Contacte-nos por telefone para cancelar ou obter informa\u00e7\u00f5es sobre um cancelamento.<\/p>\n<p>Em caso de n\u00e3o compar\u00eancia, ser\u00e1 cobrado o pre\u00e7o total.<\/p>\n<p>\u00a0<\/p>\n<p>\u00a0<\/p>\n<p><strong>Pol\u00edtica de Privacidade e Termos e Condi\u00e7\u00f5es Gerais de Utiliza\u00e7\u00e3o<\/strong><\/p>\n<p>O site Moments Watersports \u00e9 propriedade de Rui Miguel Sequeira Martins, com sede na Urbaniza\u00e7\u00e3o Quinta da Torre Lote 20 R\/C Esq C Arma\u00e7\u00e3o de Pera, e \u00e9 a entidade respons\u00e1vel pelo tratamento dos dados pessoais que lhe sejam fornecidos diretamente pelo utilizador ou recolhidos durante o acesso e navega\u00e7\u00e3o do utilizador neste site.<\/p>\n<p>A presente Pol\u00edtica de Privacidade visa esclarecer os utilizadores relativamente aos dados recolhidos e \u00e0 raz\u00e3o desta pr\u00e1tica, bem como \u00e0s medidas que os utilizadores podem adotar no sentido de retificar ou eliminar a informa\u00e7\u00e3o sobre os dados recolhidos.<\/p>\n<p>\u00a0<\/p>\n<p><strong>UTILIZA\u00c7\u00c3O DE DADOS PESSOAIS<\/strong><\/p>\n<p>O site Moments Watersports recolhe dados dos utilizadores que navegam no site ou que enviam mensagens atrav\u00e9s do formul\u00e1rio de contacto existente no site.<\/p>\n<p>O s\u00edtio Web da Moments Watersports tamb\u00e9m recolhe informa\u00e7\u00f5es atrav\u00e9s da utiliza\u00e7\u00e3o de cookies.<\/p>\n<p>O site Moments Watersports garante que os seus dados pessoais n\u00e3o ser\u00e3o reutilizados para outros fins que n\u00e3o aqueles para os quais foram recolhidos.<\/p>\n<p>Os dados pessoais recolhidos ser\u00e3o conservados apenas durante o per\u00edodo necess\u00e1rio para cumprir a finalidade a que se destinam, ap\u00f3s o que ser\u00e3o definitivamente apagados.<\/p>\n<p>Ao aceitar os Termos e Condi\u00e7\u00f5es e a Pol\u00edtica de Privacidade, o utilizador consente na recolha destes dados.<\/p>\n<p>\u00a0<\/p>\n<p><strong>DADOS PESSOAIS RECOLHIDOS<\/strong><\/p>\n<p>O site Moments Watersports recolhe informa\u00e7\u00f5es t\u00e9cnicas do dispositivo do utilizador sempre que este visita o site. A informa\u00e7\u00e3o \u00e9 obtida atrav\u00e9s do navegador de Internet e refere-se ao endere\u00e7o IP, sistema operativo e motor de busca utilizados, resolu\u00e7\u00e3o do ecr\u00e3 e sites de refer\u00eancia.<\/p>\n<p>Os dados pessoais do utilizador podem tamb\u00e9m ser recolhidos atrav\u00e9s do formul\u00e1rio de contacto do s\u00edtio Web.<\/p>\n<p>A Moments Watersports n\u00e3o vende, aluga ou partilha os seus dados pessoais com terceiros.<\/p>\n<p>Os servi\u00e7os do s\u00edtio n\u00e3o s\u00e3o dirigidos a menores e os dados pessoais dos menores n\u00e3o s\u00e3o tratados intencionalmente.<\/p>\n<p>\u00a0<\/p>\n<p><strong>COOKIES<\/strong><\/p>\n<p>A Moments Watersports recolhe automaticamente informa\u00e7\u00f5es do computador de quem visita o site atrav\u00e9s da utiliza\u00e7\u00e3o de Cookies.<\/p>\n<ul>\n<li>Os cookies s\u00e3o pequenos peda\u00e7os de informa\u00e7\u00e3o que podem ajudar a identificar o seu browser e que podem armazenar informa\u00e7\u00f5es, por exemplo, defini\u00e7\u00f5es e prefer\u00eancias do utilizador.<\/li>\n<\/ul>\n<p>A Moments Watersports e poder\u00e1 armazenar cookies no seu dispositivo para personalizar e facilitar a navega\u00e7\u00e3o, bem como para fins estat\u00edsticos, n\u00e3o fornecendo esses mesmos Cookies, refer\u00eancias ou dados pessoais do Utilizador.<\/p>\n<p>O s\u00edtio Web da Moments Watersports utiliza\u00a0<u>tr\u00eas tipos de cookies<\/u>:<\/p>\n<ul>\n<li><em>Bolachas simples:<\/em>\u00a0Estes cookies s\u00e3o necess\u00e1rios para que o s\u00edtio funcione eficazmente, registam o percurso do utilizador durante a sua visita sem o identificar e s\u00e3o automaticamente eliminados quando o utilizador sai do s\u00edtio.<\/li>\n<li><em>Cookies persistentes:<\/em>\u00a0Estes Cookies n\u00e3o s\u00e3o essenciais para o funcionamento do site mas permitem identificar os utilizadores sempre que estes acedem \u00e0s p\u00e1ginas, optimizando a sua experi\u00eancia de navega\u00e7\u00e3o. Os cookies persistentes permanecem no computador at\u00e9 serem apagados pelo utilizador.<\/li>\n<li><em>Cookies anal\u00edticos:<\/em>\u00a0Estes cookies s\u00e3o utilizados para analisar a forma como os utilizadores usam o site e monitorizar o seu desempenho. Estes cookies s\u00e3o utilizados apenas para efeitos de cria\u00e7\u00e3o e an\u00e1lise estat\u00edstica, sem nunca recolher informa\u00e7\u00e3o de car\u00e1cter pessoal.<\/li>\n<\/ul>\n<p>O browser no seu dispositivo permite-lhe restringir a utiliza\u00e7\u00e3o de Cookies simples, Cookies persistentes ou qualquer outro tipo de Cookie. Se o utilizador optar por n\u00e3o permitir Cookies simples, poder\u00e1 n\u00e3o conseguir utilizar o nosso s\u00edtio ou determinadas funcionalidades.<\/p>\n<p>Para al\u00e9m dos cookies, podemos tamb\u00e9m utilizar pixel tags que nos permitem seguir os passos dos utilizadores do nosso s\u00edtio. Estes marcadores n\u00e3o recolhem informa\u00e7\u00f5es pessoais e s\u00e3o utilizados para recolher dados para fins estat\u00edsticos.<\/p>\n<p>\u00a0<\/p>\n<p><strong>UTILIZA\u00c7\u00c3O DOS DADOS RECOLHIDOS:<\/strong><\/p>\n<ul>\n<li>Otimizar a visita do utilizador;<\/li>\n<li>Responder a pedidos dos utilizadores, nomeadamente mensagens enviadas atrav\u00e9s do formul\u00e1rio de contacto ou subscri\u00e7\u00e3o de newsletters;<\/li>\n<li>Finalidades estat\u00edsticas dos dados de navega\u00e7\u00e3o;<\/li>\n<li>Melhorar a experi\u00eancia de navega\u00e7\u00e3o do utilizador atrav\u00e9s de informa\u00e7\u00f5es recolhidas por meio de cookies e outras tecnologias, como pixel tags.<\/li>\n<\/ul>\n<p>\u00a0<\/p>\n<p><strong>DIREITOS DO UTILIZADOR<\/strong><\/p>\n<p>O utilizador tem o direito de aceder, atualizar, retificar, eliminar, limitar e opor-se ao tratamento dos seus dados, bem como o direito de solicitar a sua portabilidade, atrav\u00e9s de um pedido escrito enviado para o email: info@momentswatersports.com<\/p>\n<p>Tem ainda o direito de apresentar uma reclama\u00e7\u00e3o relativa ao tratamento dos seus dados junto da CNPD - Comiss\u00e3o Nacional de Prote\u00e7\u00e3o de Dados.<\/p>\n<p>\u00a0<\/p>\n<p><strong>PER\u00cdODO DE CONSERVA\u00c7\u00c3O DOS DADOS<\/strong><\/p>\n<p>Os seus dados pessoais ser\u00e3o conservados apenas durante o tempo necess\u00e1rio para os fins a que se destinam, tal como estabelecido na presente Pol\u00edtica de Privacidade.<\/p>\n<p>Todos os dados que nos forem fornecidos ou recolhidos por n\u00f3s nos termos da presente Pol\u00edtica de Privacidade ser\u00e3o eliminados ap\u00f3s um ano de recolha.<\/p>\n<p>\u00a0<\/p>\n<p><strong>DADOS PESSOAIS COMUNICADOS A TERCEIROS<\/strong><\/p>\n<p>A Moments Watersports poder\u00e1 recorrer a outras entidades para a presta\u00e7\u00e3o de determinados servi\u00e7os, ao n\u00edvel da manuten\u00e7\u00e3o, apoio t\u00e9cnico, marketing, que poder\u00e3o ter acesso a alguns dos dados pessoais necess\u00e1rios \u00e0 presta\u00e7\u00e3o do servi\u00e7o contratado.<\/p>\n<p>A Moments Watersports poder\u00e1 ainda transmitir dados a terceiros no \u00e2mbito de investiga\u00e7\u00f5es, inqu\u00e9ritos e processos judiciais e\/ou administrativos ou de natureza semelhante, desde que para tal seja devidamente ordenada por ordem judicial nesse sentido.<\/p>\n<p>\u00a0<\/p>\n<p><strong>ALTERA\u00c7\u00d5ES \u00c0 POL\u00cdTICA DE PRIVACIDADE<\/strong><\/p>\n<p>A Moments Watersports reserva-se o direito de alterar a sua Pol\u00edtica de Privacidade a qualquer momento, pelo que aconselhamos a sua leitura regular.<\/p>\n<p>\u00a0<\/p>\n<p><strong>DADOS DE CONTACTO<\/strong><\/p>\n<p>Se tiver d\u00favidas ou preocupa\u00e7\u00f5es sobre esta Pol\u00edtica de Privacidade ou sobre as pr\u00e1ticas de privacidade da Moments Watersports, contacte-nos, por favor, atrav\u00e9s do seguinte e-mail: info@momentswatersports.com<\/p>\n<p>\u00a0<\/p>\n<p>\u00a0<\/p>\n<p>\u00a0<\/p>\t\t\t\t\t\t\t\t<\/div>\n\t\t\t\t<\/div>\n\t\t\t\t\t<\/div>\n\t\t<\/div>\n\t\t\t\t\t<\/div>\n\t\t<\/section>\n\t\t\t\t<\/div>","protected":false},"excerpt":{"rendered":"<p>Terms &#038; Conditions General Terms and Conditions Check-in must be done up to 15 minutes before the activity, at the service desk of Moments Watersports in Arma\u00e7\u00e3o de P\u00eara Beach. VAT included at the current legal rate. Moments Watersports reserves the right to change the PVPs. Moments Watersports is not responsible for the loss of [&hellip;]<\/p>\n","protected":false},"author":1,"featured_media":0,"parent":0,"menu_order":0,"comment_status":"closed","ping_status":"closed","template":"elementor_header_footer","meta":{"nf_dc_page":"","om_disable_all_campaigns":false,"site-sidebar-layout":"default","site-content-layout":"default","ast-site-content-layout":"default","site-content-style":"default","site-sidebar-style":"default","ast-global-header-display":"","ast-banner-title-visibility":"","ast-main-header-display":"","ast-hfb-above-header-display":"","ast-hfb-below-header-display":"","ast-hfb-mobile-header-display":"","site-post-title":"","ast-breadcrumbs-content":"","ast-featured-img":"","footer-sml-layout":"","ast-disable-related-posts":"","theme-transparent-header-meta":"default","adv-header-id-meta":"","stick-header-meta":"","header-above-stick-meta":"","header-main-stick-meta":"","header-below-stick-meta":"","astra-migrate-meta-layouts":"default","ast-page-background-enabled":"default","ast-page-background-meta":{"desktop":{"background-color":"","background-image":"","background-repeat":"repeat","background-position":"center center","background-size":"auto","background-attachment":"scroll","background-type":"","background-media":"","overlay-type":"","overlay-color":"","overlay-opacity":"","overlay-gradient":""},"tablet":{"background-color":"","background-image":"","background-repeat":"repeat","background-position":"center center","background-size":"auto","background-attachment":"scroll","background-type":"","background-media":"","overlay-type":"","overlay-color":"","overlay-opacity":"","overlay-gradient":""},"mobile":{"background-color":"","background-image":"","background-repeat":"repeat","background-position":"center center","background-size":"auto","background-attachment":"scroll","background-type":"","background-media":"","overlay-type":"","overlay-color":"","overlay-opacity":"","overlay-gradient":""}},"ast-content-background-meta":{"desktop":{"background-color":"var(--ast-global-color-5)","background-image":"","background-repeat":"repeat","background-position":"center center","background-size":"auto","background-attachment":"scroll","background-type":"","background-media":"","overlay-type":"","overlay-color":"","overlay-opacity":"","overlay-gradient":""},"tablet":{"background-color":"var(--ast-global-color-5)","background-image":"","background-repeat":"repeat","background-position":"center center","background-size":"auto","background-attachment":"scroll","background-type":"","background-media":"","overlay-type":"","overlay-color":"","overlay-opacity":"","overlay-gradient":""},"mobile":{"background-color":"var(--ast-global-color-5)","background-image":"","background-repeat":"repeat","background-position":"center center","background-size":"auto","background-attachment":"scroll","background-type":"","background-media":"","overlay-type":"","overlay-color":"","overlay-opacity":"","overlay-gradient":""}},"footnotes":""},"class_list":["post-3","page","type-page","status-publish","hentry"],"aioseo_notices":[],"jetpack_sharing_enabled":true,"_links":{"self":[{"href":"https:\/\/momentswatersports.com\/pt\/wp-json\/wp\/v2\/pages\/3","targetHints":{"allow":["GET"]}}],"collection":[{"href":"https:\/\/momentswatersports.com\/pt\/wp-json\/wp\/v2\/pages"}],"about":[{"href":"https:\/\/momentswatersports.com\/pt\/wp-json\/wp\/v2\/types\/page"}],"author":[{"embeddable":true,"href":"https:\/\/momentswatersports.com\/pt\/wp-json\/wp\/v2\/users\/1"}],"replies":[{"embeddable":true,"href":"https:\/\/momentswatersports.com\/pt\/wp-json\/wp\/v2\/comments?post=3"}],"version-history":[{"count":15,"href":"https:\/\/momentswatersports.com\/pt\/wp-json\/wp\/v2\/pages\/3\/revisions"}],"predecessor-version":[{"id":5703,"href":"https:\/\/momentswatersports.com\/pt\/wp-json\/wp\/v2\/pages\/3\/revisions\/5703"}],"wp:attachment":[{"href":"https:\/\/momentswatersports.com\/pt\/wp-json\/wp\/v2\/media?parent=3"}],"curies":[{"name":"wp","href":"https:\/\/api.w.org\/{rel}","templated":true}]}}